{"id":109,"date":"2024-08-19T11:46:36","date_gmt":"2024-08-19T09:46:36","guid":{"rendered":"https:\/\/landjugend.neusserling.at\/neu\/?page_id=109"},"modified":"2025-12-05T14:29:07","modified_gmt":"2025-12-05T13:29:07","slug":"impressum","status":"publish","type":"page","link":"https:\/\/landjugend.neusserling.at\/wordpress\/impressum\/","title":{"rendered":"Impressum"},"content":{"rendered":"\n<p><strong>Landjugend Neusserling<\/strong><br>Dachverband Landjugend \u00d6sterreich<br>Leiter: Stefan H\u00f6glinger<br>Leiterin: Sophie Roither<\/p>\n\n\n\n<p>ZVR: 103395402<\/p>\n\n\n\n<p>Verantwortlich f\u00fcr Website und Design: Lorena Hofer<\/p>\n\n\n\n<ol class=\"wp-block-list\">\n<li><strong>Inhalt des Onlineangebotes<\/strong><br>Wir \u00fcbernehmen keinerlei Gew\u00e4hr f\u00fcr die Aktualit\u00e4t, Korrektheit, Vollst\u00e4ndigkeit oder Qualit\u00e4t der bereitgestellten Informationen. Haftungsanspr\u00fcche gegen uns, welche sich auf Sch\u00e4den materieller oder ideeller Art beziehen, die durch die Nutzung oder Nichtnutzung der dargebotenen Informationen bzw. durch die Nutzung fehlerhafter und unvollst\u00e4ndiger Informationen verursacht wurden sind grunds\u00e4tzlich ausgeschlossen, sofern unsererseits kein nachweislich vors\u00e4tzliches oder grob fahrl\u00e4ssiges Verschulden vorliegt.<br><\/li>\n\n\n\n<li><strong>Verweise und Links<\/strong><br>Wir erkl\u00e4ren ausdr\u00fccklich, dass zum Zeitpunkt der Linksetzung die entsprechenden verlinkten Seiten frei von illegalen Inhalten waren. Auf die aktuelle und zuk\u00fcnftige Gestaltung, die Inhalte oder die Urheberschaft der gelinkten\/verkn\u00fcpften Seiten hat der Site-Betreiber keinerlei Einfluss. Deshalb distanziert sich der Site-Betreiber hiermit ausdr\u00fccklich von allen Inhalten aller gelinkten \/verkn\u00fcpften Seiten, die nach der Linksetzung ver\u00e4ndert wurden. Diese Feststellung gilt f\u00fcr alle innerhalb des eigenen Internetangebotes gesetzten Links und Verweise sowie f\u00fcr Fremdeintr\u00e4ge in den von uns eingerichteten G\u00e4steb\u00fcchern, Diskussionsforen und Mailinglisten. Diese Erkl\u00e4rung gilt f\u00fcr alle auf der Website angezeigten Links und f\u00fcr alle Inhalte der Seiten, zu denen die bei ihr angemeldeten Banner und Links f\u00fchren.<br><\/li>\n\n\n\n<li><strong>Urheber- und Kennzeichenrecht<\/strong><br>Der Site-Betreiber ist bestrebt, in allen Publikationen die Urheberrechte der verwendeten Grafiken, Tondokumente, Videosequenzen und Texte zu beachten, von ihr selbst erstellte Grafiken, Tondokumente, Videosequenzen und Texte zu nutzen oder auf lizenzfreie Grafiken, Tondokumente, Videosequenzen und Texte zur\u00fcckzugreifen.Alle innerhalb des Internetangebotes genannten und ggf. durch Dritte gesch\u00fctzten Marken- und Warenzeichen unterliegen uneingeschr\u00e4nkt den Bestimmungen des jeweils g\u00fcltigen Kennzeichenrechts und den Besitzrechten der jeweiligen eingetragenen Eigent\u00fcmer. Allein aufgrund der blo\u00dfen Nennung ist nicht der Schlu\u00df zu ziehen, dass Markenzeichen nicht durch Rechte Dritter gesch\u00fctzt sind! Das Copyright f\u00fcr ver\u00f6ffentlichte, vom Site-Betreiber selbst erstellte Objekte bleibt allein beim Site-Betreiber. Eine Vervielf\u00e4ltigung oder Verwendung solcher Grafiken, Tondokumente, Videosequenzen und Texte in anderen elektronischen oder gedruckten Publikationen ist ohne ausdr\u00fcckliche Zustimmung vom Site-Betreiber nicht gestattet.<br><\/li>\n\n\n\n<li><strong>Datenschutz<\/strong><br>Sofern innerhalb des Internetangebotes die M\u00f6glichkeit zur Eingabe pers\u00f6nlicher oder gesch\u00e4ftlicher Daten (Emailadressen, Namen, Anschriften) besteht, so erfolgt die Preisgabe dieser Daten seitens des Nutzers auf ausdr\u00fccklich freiwilliger Basis. Die Inanspruchnahme und Bezahlung aller angebotenen Dienste ist \u2013 soweit technisch m\u00f6glich und zumutbar \u2013 auch ohne Angabe solcher Daten bzw. unter Angabe anonymisierter Daten oder eines Pseudonyms gestattet.<br><\/li>\n\n\n\n<li><strong>Rechtswirksamkeit dieses Haftungsausschlusses<\/strong><br>Dieser Haftungsausschluss ist als Teil des Internetangebotes zu betrachten, von dem aus auf diese Seite verwiesen wurde. Sofern Teile oder einzelne Formulierungen dieses Textes der geltenden Rechtslage nicht, nicht mehr oder nicht vollst\u00e4ndig entsprechen sollten, bleiben die \u00fcbrigen Teile des Dokumentes in ihrem Inhalt und ihrer G\u00fcltigkeit davon unber\u00fchrt.<\/li>\n<\/ol>\n","protected":false},"excerpt":{"rendered":"<p>Landjugend NeusserlingDachverband Landjugend \u00d6sterreichLeiter: Stefan H\u00f6glingerLeiterin: Sophie Roither ZVR: 103395402 Verantwortlich f\u00fcr Website und Design: Lorena Hofer<\/p>\n","protected":false},"author":1,"featured_media":0,"parent":0,"menu_order":0,"comment_status":"closed","ping_status":"closed","template":"","meta":{"footnotes":""},"class_list":["post-109","page","type-page","status-publish","hentry"],"_links":{"self":[{"href":"https:\/\/landjugend.neusserling.at\/wordpress\/wp-json\/wp\/v2\/pages\/109","targetHints":{"allow":["GET"]}}],"collection":[{"href":"https:\/\/landjugend.neusserling.at\/wordpress\/wp-json\/wp\/v2\/pages"}],"about":[{"href":"https:\/\/landjugend.neusserling.at\/wordpress\/wp-json\/wp\/v2\/types\/page"}],"author":[{"embeddable":true,"href":"https:\/\/landjugend.neusserling.at\/wordpress\/wp-json\/wp\/v2\/users\/1"}],"replies":[{"embeddable":true,"href":"https:\/\/landjugend.neusserling.at\/wordpress\/wp-json\/wp\/v2\/comments?post=109"}],"version-history":[{"count":3,"href":"https:\/\/landjugend.neusserling.at\/wordpress\/wp-json\/wp\/v2\/pages\/109\/revisions"}],"predecessor-version":[{"id":318,"href":"https:\/\/landjugend.neusserling.at\/wordpress\/wp-json\/wp\/v2\/pages\/109\/revisions\/318"}],"wp:attachment":[{"href":"https:\/\/landjugend.neusserling.at\/wordpress\/wp-json\/wp\/v2\/media?parent=109"}],"curies":[{"name":"wp","href":"https:\/\/api.w.org\/{rel}","templated":true}]}}