{"id":53,"date":"2024-08-18T18:39:52","date_gmt":"2024-08-18T16:39:52","guid":{"rendered":"https:\/\/landjugend.neusserling.at\/neu\/?page_id=53"},"modified":"2025-11-24T08:38:14","modified_gmt":"2025-11-24T07:38:14","slug":"der-vorstand","status":"publish","type":"page","link":"https:\/\/landjugend.neusserling.at\/wordpress\/der-vorstand\/","title":{"rendered":"Der Vorstand"},"content":{"rendered":"\n<p style=\"margin-top:var(--wp--preset--spacing--20);margin-bottom:var(--wp--preset--spacing--20)\">Der Vorstand der Landjugend Neusserling ist das Herzst\u00fcck unserer Gruppe. Die Vorstandsmitglieder sorgen daf\u00fcr, dass bei uns alles rund l\u00e4uft \u2013 von der Organisation unserer Events bis hin zur Verwaltung der Finanzen. Jeder bringt seine St\u00e4rken ein, sei es in der \u00d6ffentlichkeitsarbeit, der Planung von Veranstaltungen oder der Mitgliederbetreuung. Dabei geht es nicht nur darum, dass alles gut organisiert ist, sondern auch darum, dass wir als Gemeinschaft zusammenwachsen und jeder die Chance hat, sich pers\u00f6nlich weiterzuentwickeln. Der Vorstand sorgt daf\u00fcr, dass wir unsere Ideen und Ziele umsetzen k\u00f6nnen und dass die Interessen unserer Ortsgruppe sowohl nach innen als auch nach au\u00dfen vertreten werden.<\/p>\n\n\n\n<figure class=\"wp-block-image alignwide size-full has-custom-border wp-duotone-unset-1\"><img loading=\"lazy\" decoding=\"async\" width=\"2560\" height=\"1707\" src=\"https:\/\/landjugend.neusserling.at\/wordpress\/wp-content\/uploads\/2025\/11\/vorstand_gestaffelt-scaled.jpg\" alt=\"\" class=\"wp-image-307\" style=\"border-radius:45px\" srcset=\"https:\/\/landjugend.neusserling.at\/wordpress\/wp-content\/uploads\/2025\/11\/vorstand_gestaffelt-scaled.jpg 2560w, https:\/\/landjugend.neusserling.at\/wordpress\/wp-content\/uploads\/2025\/11\/vorstand_gestaffelt-300x200.jpg 300w, https:\/\/landjugend.neusserling.at\/wordpress\/wp-content\/uploads\/2025\/11\/vorstand_gestaffelt-1024x683.jpg 1024w, https:\/\/landjugend.neusserling.at\/wordpress\/wp-content\/uploads\/2025\/11\/vorstand_gestaffelt-768x512.jpg 768w, https:\/\/landjugend.neusserling.at\/wordpress\/wp-content\/uploads\/2025\/11\/vorstand_gestaffelt-1536x1024.jpg 1536w\" sizes=\"auto, (max-width: 2560px) 100vw, 2560px\" \/><\/figure>\n\n\n\n<div class=\"wp-block-media-text is-stacked-on-mobile is-vertically-aligned-center\" style=\"grid-template-columns:38% auto\"><figure class=\"wp-block-media-text__media\"><img loading=\"lazy\" decoding=\"async\" width=\"709\" height=\"945\" src=\"https:\/\/landjugend.neusserling.at\/wordpress\/wp-content\/uploads\/2025\/11\/1.png\" alt=\"\" class=\"wp-image-296 size-full\" srcset=\"https:\/\/landjugend.neusserling.at\/wordpress\/wp-content\/uploads\/2025\/11\/1.png 709w, https:\/\/landjugend.neusserling.at\/wordpress\/wp-content\/uploads\/2025\/11\/1-225x300.png 225w\" sizes=\"auto, (max-width: 709px) 100vw, 709px\" \/><\/figure><div class=\"wp-block-media-text__content\">\n<p>Leiterin<\/p>\n\n\n\n<p><strong>Sophie Roither<\/strong><\/p>\n\n\n\n<p>aus Neu\u00dferling<\/p>\n\n\n\n<p>Marketing Assitenz<\/p>\n<\/div><\/div>\n\n\n\n<hr class=\"wp-block-separator has-alpha-channel-opacity\"\/>\n\n\n\n<div class=\"wp-block-media-text has-media-on-the-right is-stacked-on-mobile is-vertically-aligned-center\" style=\"grid-template-columns:auto 38%\"><div class=\"wp-block-media-text__content\">\n<p>Leiter<\/p>\n\n\n\n<p><strong>Stefan H\u00f6glinger<\/strong><\/p>\n\n\n\n<p>aus Neu\u00dferling<\/p>\n\n\n\n<p>Zimmerer<\/p>\n<\/div><figure class=\"wp-block-media-text__media\"><img loading=\"lazy\" decoding=\"async\" width=\"709\" height=\"945\" src=\"https:\/\/landjugend.neusserling.at\/wordpress\/wp-content\/uploads\/2025\/11\/2.png\" alt=\"\" class=\"wp-image-297 size-full\" srcset=\"https:\/\/landjugend.neusserling.at\/wordpress\/wp-content\/uploads\/2025\/11\/2.png 709w, https:\/\/landjugend.neusserling.at\/wordpress\/wp-content\/uploads\/2025\/11\/2-225x300.png 225w\" sizes=\"auto, (max-width: 709px) 100vw, 709px\" \/><\/figure><\/div>\n\n\n\n<hr class=\"wp-block-separator has-alpha-channel-opacity\"\/>\n\n\n\n<div class=\"wp-block-media-text is-stacked-on-mobile is-vertically-aligned-center\" style=\"grid-template-columns:38% auto\"><figure class=\"wp-block-media-text__media\"><img loading=\"lazy\" decoding=\"async\" width=\"709\" height=\"945\" src=\"https:\/\/landjugend.neusserling.at\/wordpress\/wp-content\/uploads\/2025\/11\/6.png\" alt=\"\" class=\"wp-image-301 size-full\" srcset=\"https:\/\/landjugend.neusserling.at\/wordpress\/wp-content\/uploads\/2025\/11\/6.png 709w, https:\/\/landjugend.neusserling.at\/wordpress\/wp-content\/uploads\/2025\/11\/6-225x300.png 225w\" sizes=\"auto, (max-width: 709px) 100vw, 709px\" \/><\/figure><div class=\"wp-block-media-text__content\">\n<p>Leiterin Stellvertreterin<\/p>\n\n\n\n<p><strong>Evelyn Kappl<\/strong><\/p>\n\n\n\n<p>aus Hofing<\/p>\n\n\n\n<p>Floristin<\/p>\n<\/div><\/div>\n\n\n\n<hr class=\"wp-block-separator has-alpha-channel-opacity\"\/>\n\n\n\n<div class=\"wp-block-media-text has-media-on-the-right is-stacked-on-mobile is-vertically-aligned-center\" style=\"grid-template-columns:auto 38%\"><div class=\"wp-block-media-text__content\">\n<p>Leiter Stellvertreter<\/p>\n\n\n\n<p><strong>Thomas Eder<\/strong><\/p>\n\n\n\n<p>aus Hofing<\/p>\n\n\n\n<p>Fahrzeugbautechniker<\/p>\n<\/div><figure class=\"wp-block-media-text__media\"><img loading=\"lazy\" decoding=\"async\" width=\"709\" height=\"945\" src=\"https:\/\/landjugend.neusserling.at\/wordpress\/wp-content\/uploads\/2025\/11\/4.png\" alt=\"\" class=\"wp-image-299 size-full\" srcset=\"https:\/\/landjugend.neusserling.at\/wordpress\/wp-content\/uploads\/2025\/11\/4.png 709w, https:\/\/landjugend.neusserling.at\/wordpress\/wp-content\/uploads\/2025\/11\/4-225x300.png 225w\" sizes=\"auto, (max-width: 709px) 100vw, 709px\" \/><\/figure><\/div>\n\n\n\n<hr class=\"wp-block-separator has-alpha-channel-opacity\"\/>\n\n\n\n<div class=\"wp-block-media-text is-stacked-on-mobile is-vertically-aligned-center\" style=\"grid-template-columns:38% auto\"><figure class=\"wp-block-media-text__media\"><img loading=\"lazy\" decoding=\"async\" width=\"709\" height=\"945\" src=\"https:\/\/landjugend.neusserling.at\/wordpress\/wp-content\/uploads\/2025\/11\/8.png\" alt=\"\" class=\"wp-image-303 size-full\" srcset=\"https:\/\/landjugend.neusserling.at\/wordpress\/wp-content\/uploads\/2025\/11\/8.png 709w, https:\/\/landjugend.neusserling.at\/wordpress\/wp-content\/uploads\/2025\/11\/8-225x300.png 225w\" sizes=\"auto, (max-width: 709px) 100vw, 709px\" \/><\/figure><div class=\"wp-block-media-text__content\">\n<p>Kassierin<\/p>\n\n\n\n<p><strong>Marie Hannaberger<\/strong><\/p>\n\n\n\n<p>aus Neu\u00dferling<\/p>\n\n\n\n<p>Krabbelstubenp\u00e4dagogin<\/p>\n<\/div><\/div>\n\n\n\n<hr class=\"wp-block-separator has-alpha-channel-opacity\"\/>\n\n\n\n<div class=\"wp-block-media-text has-media-on-the-right is-stacked-on-mobile is-vertically-aligned-center\" style=\"grid-template-columns:auto 38%\"><div class=\"wp-block-media-text__content\">\n<p>Kassierin Stv.<\/p>\n\n\n\n<p><strong>Celine Hannaberger<\/strong><\/p>\n\n\n\n<p>aus Neu\u00dferling<\/p>\n\n\n\n<p>B\u00fcrokauffrau<\/p>\n<\/div><figure class=\"wp-block-media-text__media\"><img loading=\"lazy\" decoding=\"async\" width=\"709\" height=\"945\" src=\"https:\/\/landjugend.neusserling.at\/wordpress\/wp-content\/uploads\/2025\/11\/5.png\" alt=\"\" class=\"wp-image-300 size-full\" srcset=\"https:\/\/landjugend.neusserling.at\/wordpress\/wp-content\/uploads\/2025\/11\/5.png 709w, https:\/\/landjugend.neusserling.at\/wordpress\/wp-content\/uploads\/2025\/11\/5-225x300.png 225w\" sizes=\"auto, (max-width: 709px) 100vw, 709px\" \/><\/figure><\/div>\n\n\n\n<hr class=\"wp-block-separator has-alpha-channel-opacity\"\/>\n\n\n\n<div class=\"wp-block-media-text is-stacked-on-mobile is-vertically-aligned-center\" style=\"grid-template-columns:38% auto\"><figure class=\"wp-block-media-text__media\"><img loading=\"lazy\" decoding=\"async\" width=\"709\" height=\"945\" src=\"https:\/\/landjugend.neusserling.at\/wordpress\/wp-content\/uploads\/2025\/11\/11.png\" alt=\"\" class=\"wp-image-306 size-full\" srcset=\"https:\/\/landjugend.neusserling.at\/wordpress\/wp-content\/uploads\/2025\/11\/11.png 709w, https:\/\/landjugend.neusserling.at\/wordpress\/wp-content\/uploads\/2025\/11\/11-225x300.png 225w\" sizes=\"auto, (max-width: 709px) 100vw, 709px\" \/><\/figure><div class=\"wp-block-media-text__content\">\n<p>Lagerist<\/p>\n\n\n\n<p><strong>Tobias H\u00f6tzmannseder<\/strong><\/p>\n\n\n\n<p>aus St\u00f6tten<\/p>\n\n\n\n<p>Zimmerer<\/p>\n<\/div><\/div>\n\n\n\n<hr class=\"wp-block-separator has-alpha-channel-opacity\"\/>\n\n\n\n<div class=\"wp-block-media-text has-media-on-the-right is-stacked-on-mobile is-vertically-aligned-center\" style=\"grid-template-columns:auto 38%\"><div class=\"wp-block-media-text__content\">\n<p>Schriftf\u00fchrer Stv. + Newcomerreferent<\/p>\n\n\n\n<p><strong>Nico Roither<\/strong><\/p>\n\n\n\n<p>aus Neu\u00dferling<\/p>\n\n\n\n<p>Sch\u00fcler<\/p>\n<\/div><figure class=\"wp-block-media-text__media\"><img loading=\"lazy\" decoding=\"async\" width=\"709\" height=\"945\" src=\"https:\/\/landjugend.neusserling.at\/wordpress\/wp-content\/uploads\/2025\/11\/9.png\" alt=\"\" class=\"wp-image-304 size-full\" srcset=\"https:\/\/landjugend.neusserling.at\/wordpress\/wp-content\/uploads\/2025\/11\/9.png 709w, https:\/\/landjugend.neusserling.at\/wordpress\/wp-content\/uploads\/2025\/11\/9-225x300.png 225w\" sizes=\"auto, (max-width: 709px) 100vw, 709px\" \/><\/figure><\/div>\n\n\n\n<hr class=\"wp-block-separator has-alpha-channel-opacity\"\/>\n\n\n\n<div class=\"wp-block-media-text is-stacked-on-mobile is-vertically-aligned-center\" style=\"grid-template-columns:38% auto\"><figure class=\"wp-block-media-text__media\"><img loading=\"lazy\" decoding=\"async\" width=\"709\" height=\"945\" src=\"https:\/\/landjugend.neusserling.at\/wordpress\/wp-content\/uploads\/2025\/11\/3.png\" alt=\"\" class=\"wp-image-298 size-full\" srcset=\"https:\/\/landjugend.neusserling.at\/wordpress\/wp-content\/uploads\/2025\/11\/3.png 709w, https:\/\/landjugend.neusserling.at\/wordpress\/wp-content\/uploads\/2025\/11\/3-225x300.png 225w\" sizes=\"auto, (max-width: 709px) 100vw, 709px\" \/><\/figure><div class=\"wp-block-media-text__content\">\n<p>Agrarreferent<\/p>\n\n\n\n<p><strong>Marcus Rath<\/strong><\/p>\n\n\n\n<p>aus Geng<\/p>\n\n\n\n<p>Elektriker<\/p>\n<\/div><\/div>\n\n\n\n<hr class=\"wp-block-separator has-alpha-channel-opacity\"\/>\n\n\n\n<div class=\"wp-block-media-text has-media-on-the-right is-stacked-on-mobile is-vertically-aligned-center\" style=\"grid-template-columns:auto 38%\"><div class=\"wp-block-media-text__content\">\n<p>Schriftf\u00fchrer + Sportreferent<\/p>\n\n\n\n<p><strong>Tobias Hofer<\/strong><\/p>\n\n\n\n<p>aus Neu\u00dferling<\/p>\n\n\n\n<p>Maschinenbautechniker<\/p>\n<\/div><figure class=\"wp-block-media-text__media\"><img loading=\"lazy\" decoding=\"async\" width=\"709\" height=\"945\" src=\"https:\/\/landjugend.neusserling.at\/wordpress\/wp-content\/uploads\/2025\/11\/10.png\" alt=\"\" class=\"wp-image-305 size-full\" srcset=\"https:\/\/landjugend.neusserling.at\/wordpress\/wp-content\/uploads\/2025\/11\/10.png 709w, https:\/\/landjugend.neusserling.at\/wordpress\/wp-content\/uploads\/2025\/11\/10-225x300.png 225w\" sizes=\"auto, (max-width: 709px) 100vw, 709px\" \/><\/figure><\/div>\n\n\n\n<hr class=\"wp-block-separator has-alpha-channel-opacity\"\/>\n\n\n\n<div class=\"wp-block-media-text is-stacked-on-mobile is-vertically-aligned-center\" style=\"grid-template-columns:38% auto\"><figure class=\"wp-block-media-text__media\"><img loading=\"lazy\" decoding=\"async\" width=\"709\" height=\"945\" src=\"https:\/\/landjugend.neusserling.at\/wordpress\/wp-content\/uploads\/2025\/11\/7.png\" alt=\"\" class=\"wp-image-302 size-full\" srcset=\"https:\/\/landjugend.neusserling.at\/wordpress\/wp-content\/uploads\/2025\/11\/7.png 709w, https:\/\/landjugend.neusserling.at\/wordpress\/wp-content\/uploads\/2025\/11\/7-225x300.png 225w\" sizes=\"auto, (max-width: 709px) 100vw, 709px\" \/><\/figure><div class=\"wp-block-media-text__content\">\n<p>Medienreferentin + Datenbank<\/p>\n\n\n\n<p><strong>Lorena Hofer<\/strong><\/p>\n\n\n\n<p>aus Neu\u00dferling<\/p>\n\n\n\n<p>Sch\u00fclerin<\/p>\n<\/div><\/div>\n\n\n\n<hr class=\"wp-block-separator has-alpha-channel-opacity\"\/>\n\n\n\n<p><\/p>\n","protected":false},"excerpt":{"rendered":"<p>Der Vorstand der Landjugend Neusserling ist das Herzst\u00fcck unserer Gruppe. Die Vorstandsmitglieder sorgen daf\u00fcr, dass bei uns alles rund l\u00e4uft \u2013 von der Organisation unserer Events bis hin zur Verwaltung der Finanzen. Jeder bringt seine St\u00e4rken ein, sei es in der \u00d6ffentlichkeitsarbeit, der Planung von Veranstaltungen oder der Mitgliederbetreuung. Dabei geht es nicht nur darum, [&hellip;]<\/p>\n","protected":false},"author":1,"featured_media":0,"parent":0,"menu_order":0,"comment_status":"closed","ping_status":"closed","template":"","meta":{"footnotes":""},"class_list":["post-53","page","type-page","status-publish","hentry"],"_links":{"self":[{"href":"https:\/\/landjugend.neusserling.at\/wordpress\/wp-json\/wp\/v2\/pages\/53","targetHints":{"allow":["GET"]}}],"collection":[{"href":"https:\/\/landjugend.neusserling.at\/wordpress\/wp-json\/wp\/v2\/pages"}],"about":[{"href":"https:\/\/landjugend.neusserling.at\/wordpress\/wp-json\/wp\/v2\/types\/page"}],"author":[{"embeddable":true,"href":"https:\/\/landjugend.neusserling.at\/wordpress\/wp-json\/wp\/v2\/users\/1"}],"replies":[{"embeddable":true,"href":"https:\/\/landjugend.neusserling.at\/wordpress\/wp-json\/wp\/v2\/comments?post=53"}],"version-history":[{"count":13,"href":"https:\/\/landjugend.neusserling.at\/wordpress\/wp-json\/wp\/v2\/pages\/53\/revisions"}],"predecessor-version":[{"id":314,"href":"https:\/\/landjugend.neusserling.at\/wordpress\/wp-json\/wp\/v2\/pages\/53\/revisions\/314"}],"wp:attachment":[{"href":"https:\/\/landjugend.neusserling.at\/wordpress\/wp-json\/wp\/v2\/media?parent=53"}],"curies":[{"name":"wp","href":"https:\/\/api.w.org\/{rel}","templated":true}]}}